{"id":2118,"date":"2018-05-18T19:01:23","date_gmt":"2018-05-18T19:01:23","guid":{"rendered":"https:\/\/www.poeck.at\/datenschutz\/"},"modified":"2022-08-25T14:15:00","modified_gmt":"2022-08-25T14:15:00","slug":"datenschutz","status":"publish","type":"page","link":"https:\/\/www.poeck.at\/en\/datenschutz\/","title":{"rendered":"Datenschutz"},"content":{"rendered":"<h1>Datenschutzerkl\u00e4rung<\/h1>\n<p>Diese Datenschutzerkl\u00e4rung kl\u00e4rt Sie \u00fcber die Art, den Umfang und Zweck der Verarbeitung von personenbezogenen Daten (nachfolgend kurz \u201eDaten\u201c) innerhalb unseres Onlineangebotes und der mit ihm verbundenen Webseiten, Funktionen und Inhalte auf. Im Hinblick auf die verwendeten Begrifflichkeiten, wie z.B. \u201eVerarbeitung\u201c oder \u201eVerantwortlicher\u201c verweisen wir auf die Definitionen im Art. 4 der Datenschutzgrundverordnung (DSGVO).<\/p>\n<p>Verantwortlicher: Ing. Christoph P\u00f6ck<br \/>\nP\u00f6ck GmbH<br \/>\nLudwig Boltzmannstra\u00dfe 1<br \/>\n7100 Neusiedl\/See<br \/>\n\u00d6sterreich<br \/>\nT: +43 2167 5050<br \/>\nF: +43 2167 5050 DW 50<br \/>\noffice@poeck.at<\/p>\n<p>Link zum Impressum: https:\/\/www.poeck.at\/impressum\/<\/p>\n<p><strong>Datenspeicherung und -verarbeitung<\/strong><br \/>\nWenn Sie per Kontaktformular oder E-Mail Kontakt mit uns aufnehmen, werden Ihre angegebenen Daten zwecks Bearbeitung der Anfrage und f\u00fcr den Fall von Anschlussfragen sechs Monate bei uns gespeichert. Diese Daten geben wir nicht ohne Ihre Einwilligung weiter.<\/p>\n<p>Zum Zweck der Abwicklung Ihrer Anfrage bzw. zum Zweck der Vertragsabwicklung werden, sofern erforderlich, folgende Daten bei uns gespeichert: Vorname, Nachname, Adresse, Telefonnummer und E-Mail-Adresse. Die von Ihnen bereit gestellten Daten sind zur Verarbeitung Ihrer Anfrage, zur Vertragserf\u00fcllung bzw. zur Durchf\u00fchrung vorvertraglicher Ma\u00dfnahmen erforderlich.<\/p>\n<p>Im Falle eines Vertragsabschlusses werden s\u00e4mtliche Daten aus dem Vertragsverh\u00e4ltnis bis zum Ablauf der steuerrechtlichen Aufbewahrungsfrist (7 Jahre) gespeichert. Die Datenverarbeitung erfolgt auf Basis der gesetzlichen Bestimmungen des \u00a7 96 Abs 3 TKG sowie des Art 6 Abs 1 lit a (Einwilligung) und\/oder lit b (notwendig zur Vertragserf\u00fcllung) der DSGVO.<\/p>\n<p><strong>Datenweiterleitung an Dritte<\/strong><br \/>\nEine Daten\u00fcbermittlung an Dritte erfolgt nicht, mit Ausnahme an unseren Steuerberater zur Erf\u00fcllung unserer steuerrechtlichen Verpflichtungen.<\/p>\n<p><strong>Erhebung von Zugriffsdaten<\/strong><br \/>\nDer Anbieter erhebt Daten \u00fcber jeden Zugriff auf das Onlineangebot (so genannte Serverlogfiles). Zu den Zugriffsdaten geh\u00f6ren Name der abgerufenen Webseite, Datei, Datum und Uhrzeit des Abrufs, \u00fcbertragene Datenmenge, Meldung \u00fcber erfolgreichen Abruf, Browsertyp nebst Version, das Betriebssystem des Nutzers, Referrer URL (die zuvor besuchte Seite), IP-Adresse und der anfragende Provider.<br \/>\nDer Anbieter verwendet die Protokolldaten ohne Zuordnung zur Person des Nutzers oder sonstiger Profilerstellung entsprechend den gesetzlichen Bestimmungen nur f\u00fcr statistische Auswertungen zum Zweck des Betriebs, der Sicherheit und der Optimierung des Onlineangebotes. Der Anbieter beh\u00e4lt sich jedoch vor, die Protokolldaten nachtr\u00e4glich zu \u00fcberpr\u00fcfen, wenn aufgrund konkreter Anhaltspunkte der berechtigte Verdacht einer rechtswidrigen Nutzung besteht.<\/p>\n<p><strong>Cookies<\/strong><br \/>\nAls \u201eCookies\u201c werden kleine Dateien bezeichnet, die auf Rechnern der Nutzer gespeichert werden. Innerhalb der Cookies k\u00f6nnen unterschiedliche Angaben gespeichert werden. Ein Cookie dient prim\u00e4r dazu, die Angaben zu einem Nutzer (bzw. dem Ger\u00e4t auf dem das Cookie gespeichert ist) w\u00e4hrend oder auch nach seinem Besuch innerhalb eines Onlineangebotes zu speichern. Als tempor\u00e4re Cookies, bzw. \u201eSession-Cookies\u201c oder \u201etransiente Cookies\u201c, werden Cookies bezeichnet, die gel\u00f6scht werden, nachdem ein Nutzer ein Onlineangebot verl\u00e4sst und seinen Browser schlie\u00dft. In einem solchen Cookie kann z.B. der Inhalt eines Warenkorbs in einem Onlineshop oder ein Login-Status gespeichert werden. Als \u201epermanent\u201c oder \u201epersistent\u201c werden Cookies bezeichnet, die auch nach dem Schlie\u00dfen des Browsers gespeichert bleiben.<br \/>\nWir setzen den Cookie \u201eprivacy_embeds\u201c, um Landkarten des Dienstes \u201eGoogle Maps\u201c nach Ihrer Zustimmung auf unserer Website anzeigen zu k\u00f6nnen. Dieser Cookie \u201eprivacy_embeds\u201c wird am Tag Ihres Besuchs auf Ihrem Rechner gespeichert.<br \/>\nFalls die Nutzer nicht m\u00f6chten, dass Cookies auf ihrem Rechner gespeichert werden, werden sie gebeten, die entsprechende Option in den Systemeinstellungen ihres Browsers zu deaktivieren. Gespeicherte Cookies k\u00f6nnen in den Systemeinstellungen des Browsers gel\u00f6scht werden. Der Ausschluss von Cookies kann zu Funktionseinschr\u00e4nkungen dieses Onlineangebotes f\u00fchren.<\/p>\n<p><strong>Google Web Fonts<\/strong><br \/>\nWir binden die Schriftarten (\u201eGoogle Fonts\u201c) des Anbieters Google zur einheitlichen Darstellung von Schriftarten lokal \u00fcber unseren Webserver ein. Es werden keine Daten, insbesondere Ihre IP-Adresse, weitergegeben.<br \/>\nDienstanbieter: Google Ireland Limited, Gordon House, Barrow Street, Dublin 4, Irland,<br \/>\nMutterunternehmen: Google LLC, 1600 Amphitheatre Parkway, Mountain View, CA 94043, USA;<br \/>\nWebsite: https:\/\/fonts.google.com\/; Datenschutzerkl\u00e4rung: https:\/\/policies.google.com\/privacy.<\/p>\n<p><strong>Google Maps<\/strong><br \/>\nEingebettete Landkarten des Dienstes \u201cGoogle Maps\u201d des Anbieters Google. Eingebettete Inhalte von anderen Websites verhalten sich exakt so, als ob der Besucher die andere Website besucht h\u00e4tte. Diese Websites k\u00f6nnen Daten \u00fcber Sie sammeln, Cookies benutzen, zus\u00e4tzliche Tracking-Dienste von Dritten einbetten und Ihre Interaktion mit diesem eingebetteten Inhalt aufzeichnen, inklusive Ihrer Interaktion mit dem eingebetteten Inhalt, falls Sie ein Konto haben und auf dieser Website angemeldet sind.<br \/>\nDie eingebettete Karte von \u201eGoogle Maps\u201c wird erst nach Ihrer ausdr\u00fccklichen Zustimmung geladen und angezeigt.<br \/>\nDienstanbieter: Google Ireland Limited, Gordon House, Barrow Street, Dublin 4, Irland,<br \/>\nMutterunternehmen: Google LLC, 1600 Amphitheatre Parkway, Mountain View, CA 94043, USA; Website: https:\/\/cloud.google.com\/maps-platform; Datenschutzerkl\u00e4rung: https:\/\/policies.google.com\/privacy; Widerspruchsm\u00f6glichkeit (Opt-Out): Opt-Out-Plugin: https:\/\/tools.google.com\/dlpage\/gaoptout?hl=de, Einstellungen f\u00fcr die Darstellung von Werbeeinblendungen: https:\/\/adssettings.google.com\/authenticated.<\/p>\n<p><strong>Datensicherheit<\/strong><br \/>\nDie Firma P\u00f6ck GmbH setzt als Betreiber der Website https:\/\/www.poeck.at technische und organisatorische Sicherheitsma\u00dfnahmen ein, um die gespeicherten personenbezogenen Daten gegen zuf\u00e4llige oder vors\u00e4tzliche Manipulation, Verlust oder Zerst\u00f6rung und gegen den Zugriff unberechtigter Personen zu sch\u00fctzen. Unsere Sicherheitsma\u00dfnahmen werden entsprechend des technischen Fortschritts fortlaufend verbessert.<\/p>\n<p><strong>Ihre Rechte<\/strong><br \/>\nIhnen stehen grunds\u00e4tzlich die Rechte auf Auskunft, Berichtigung, L\u00f6schung, Einschr\u00e4nkung, Daten\u00fcbertragbarkeit, Widerruf und Widerspruch zu. Wenn Sie glauben, dass die Verarbeitung Ihrer Daten gegen das Datenschutzrecht verst\u00f6\u00dft oder Ihre datenschutzrechtlichen Anspr\u00fcche sonst in einer Weise verletzt worden sind, k\u00f6nnen Sie sich bei der Aufsichtsbeh\u00f6rde beschweren. In \u00d6sterreich ist dies die Datenschutzbeh\u00f6rde,\u00a0Wickenburggasse 8-10, 1080 Wien, E-Mail: dsb@dsb.gv.at<\/p>\n<p><strong>\u00c4nderungen der Datenschutzerkl\u00e4rung<\/strong><br \/>\nDer Anbieter beh\u00e4lt sich vor, die Datenschutzerkl\u00e4rung zu \u00e4ndern, um sie an ge\u00e4nderte Rechtslage oder bei \u00c4nderungen des Dienstes sowie der Datenverarbeitung anzupassen.<\/p>\n<p>&nbsp;<\/p>\n","protected":false},"excerpt":{"rendered":"<p>Datenschutzerkl\u00e4rung Diese Datenschutzerkl\u00e4rung kl\u00e4rt Sie \u00fcber die Art, den Umfang und Zweck der Verarbeitung von personenbezogenen Daten (nachfolgend kurz \u201eDaten\u201c) innerhalb unseres Onlineangebotes und der mit ihm verbundenen Webseiten, Funktionen und Inhalte auf. Im Hinblick auf die verwendeten Begrifflichkeiten, wie z.B. \u201eVerarbeitung\u201c oder \u201eVerantwortlicher\u201c verweisen wir auf die Definitionen im Art. 4 der Datenschutzgrundverordnung (DSGVO).  [&#8230;]<\/p>\n","protected":false},"author":2,"featured_media":0,"parent":0,"menu_order":20,"comment_status":"closed","ping_status":"closed","template":"","meta":{"footnotes":""},"class_list":["post-2118","page","type-page","status-publish","hentry"],"_links":{"self":[{"href":"https:\/\/www.poeck.at\/en\/wp-json\/wp\/v2\/pages\/2118","targetHints":{"allow":["GET"]}}],"collection":[{"href":"https:\/\/www.poeck.at\/en\/wp-json\/wp\/v2\/pages"}],"about":[{"href":"https:\/\/www.poeck.at\/en\/wp-json\/wp\/v2\/types\/page"}],"author":[{"embeddable":true,"href":"https:\/\/www.poeck.at\/en\/wp-json\/wp\/v2\/users\/2"}],"replies":[{"embeddable":true,"href":"https:\/\/www.poeck.at\/en\/wp-json\/wp\/v2\/comments?post=2118"}],"version-history":[{"count":7,"href":"https:\/\/www.poeck.at\/en\/wp-json\/wp\/v2\/pages\/2118\/revisions"}],"predecessor-version":[{"id":2213,"href":"https:\/\/www.poeck.at\/en\/wp-json\/wp\/v2\/pages\/2118\/revisions\/2213"}],"wp:attachment":[{"href":"https:\/\/www.poeck.at\/en\/wp-json\/wp\/v2\/media?parent=2118"}],"curies":[{"name":"wp","href":"https:\/\/api.w.org\/{rel}","templated":true}]}}